{"id":18,"date":"2025-10-12T16:02:39","date_gmt":"2025-10-12T16:02:39","guid":{"rendered":"https:\/\/atelierdutiroir.be\/index.php\/front_page\/"},"modified":"2025-12-26T08:43:47","modified_gmt":"2025-12-26T08:43:47","slug":"front_page","status":"publish","type":"page","link":"https:\/\/atelierdutiroir.be\/","title":{"rendered":"Bonjour"},"content":{"rendered":"","protected":false},"excerpt":{"rendered":"","protected":false},"author":1,"featured_media":43,"parent":0,"menu_order":0,"comment_status":"closed","ping_status":"closed","template":"","meta":{"saved_in_kubio":true,"footnotes":""},"class_list":["post-18","page","type-page","status-publish","has-post-thumbnail","hentry"],"yoast_head":"<!-- This site is optimized with the Yoast SEO plugin v26.9 - https:\/\/yoast.com\/product\/yoast-seo-wordpress\/ -->\n<title>Bonjour -<\/title>\n<meta name=\"description\" content=\"architecte en Gaume et \u00e0 Bruxelles, r\u00e9novation \u00e9nerg\u00e9tique, construction \u00e9cologique, construction durable,\" \/>\n<meta name=\"robots\" content=\"index, follow, max-snippet:-1, max-image-preview:large, max-video-preview:-1\" \/>\n<link rel=\"canonical\" href=\"https:\/\/atelierdutiroir.be\/\" \/>\n<meta property=\"og:locale\" content=\"fr_FR\" \/>\n<meta property=\"og:type\" content=\"article\" \/>\n<meta property=\"og:title\" content=\"Bonjour -\" \/>\n<meta property=\"og:description\" content=\"architecte en Gaume et \u00e0 Bruxelles, r\u00e9novation \u00e9nerg\u00e9tique, construction \u00e9cologique, construction durable,\" \/>\n<meta property=\"og:url\" content=\"https:\/\/atelierdutiroir.be\/\" \/>\n<meta property=\"article:modified_time\" content=\"2025-12-26T08:43:47+00:00\" \/>\n<meta property=\"og:image\" content=\"https:\/\/atelierdutiroir.be\/wp-content\/uploads\/2025\/10\/IMG_4261.jpeg\" \/>\n\t<meta property=\"og:image:width\" content=\"1280\" \/>\n\t<meta property=\"og:image:height\" content=\"960\" \/>\n\t<meta property=\"og:image:type\" content=\"image\/jpeg\" \/>\n<meta name=\"twitter:card\" content=\"summary_large_image\" \/>\n<meta name=\"twitter:label1\" content=\"Dur\u00e9e de lecture estim\u00e9e\" \/>\n\t<meta name=\"twitter:data1\" content=\"1 minute\" \/>\n<script type=\"application\/ld+json\" class=\"yoast-schema-graph\">{\"@context\":\"https:\/\/schema.org\",\"@graph\":[{\"@type\":\"WebPage\",\"@id\":\"https:\/\/atelierdutiroir.be\/\",\"url\":\"https:\/\/atelierdutiroir.be\/\",\"name\":\"Bonjour -\",\"isPartOf\":{\"@id\":\"https:\/\/atelierdutiroir.be\/#website\"},\"primaryImageOfPage\":{\"@id\":\"https:\/\/atelierdutiroir.be\/#primaryimage\"},\"image\":{\"@id\":\"https:\/\/atelierdutiroir.be\/#primaryimage\"},\"thumbnailUrl\":\"https:\/\/atelierdutiroir.be\/wp-content\/uploads\/2025\/10\/IMG_4261.jpeg\",\"datePublished\":\"2025-10-12T16:02:39+00:00\",\"dateModified\":\"2025-12-26T08:43:47+00:00\",\"description\":\"architecte en Gaume et \u00e0 Bruxelles, r\u00e9novation \u00e9nerg\u00e9tique, construction \u00e9cologique, construction durable,\",\"breadcrumb\":{\"@id\":\"https:\/\/atelierdutiroir.be\/#breadcrumb\"},\"inLanguage\":\"fr-FR\",\"potentialAction\":[{\"@type\":\"ReadAction\",\"target\":[\"https:\/\/atelierdutiroir.be\/\"]}]},{\"@type\":\"ImageObject\",\"inLanguage\":\"fr-FR\",\"@id\":\"https:\/\/atelierdutiroir.be\/#primaryimage\",\"url\":\"https:\/\/atelierdutiroir.be\/wp-content\/uploads\/2025\/10\/IMG_4261.jpeg\",\"contentUrl\":\"https:\/\/atelierdutiroir.be\/wp-content\/uploads\/2025\/10\/IMG_4261.jpeg\",\"width\":1280,\"height\":960},{\"@type\":\"BreadcrumbList\",\"@id\":\"https:\/\/atelierdutiroir.be\/#breadcrumb\",\"itemListElement\":[{\"@type\":\"ListItem\",\"position\":1,\"name\":\"Accueil\",\"item\":\"https:\/\/atelierdutiroir.be\/\"},{\"@type\":\"ListItem\",\"position\":2,\"name\":\"Bonjour\"}]},{\"@type\":\"WebSite\",\"@id\":\"https:\/\/atelierdutiroir.be\/#website\",\"url\":\"https:\/\/atelierdutiroir.be\/\",\"name\":\"\",\"description\":\"\",\"potentialAction\":[{\"@type\":\"SearchAction\",\"target\":{\"@type\":\"EntryPoint\",\"urlTemplate\":\"https:\/\/atelierdutiroir.be\/?s={search_term_string}\"},\"query-input\":{\"@type\":\"PropertyValueSpecification\",\"valueRequired\":true,\"valueName\":\"search_term_string\"}}],\"inLanguage\":\"fr-FR\"}]}<\/script>\n<!-- \/ Yoast SEO plugin. -->","yoast_head_json":{"title":"Bonjour -","description":"architecte en Gaume et \u00e0 Bruxelles, r\u00e9novation \u00e9nerg\u00e9tique, construction \u00e9cologique, construction durable,","robots":{"index":"index","follow":"follow","max-snippet":"max-snippet:-1","max-image-preview":"max-image-preview:large","max-video-preview":"max-video-preview:-1"},"canonical":"https:\/\/atelierdutiroir.be\/","og_locale":"fr_FR","og_type":"article","og_title":"Bonjour -","og_description":"architecte en Gaume et \u00e0 Bruxelles, r\u00e9novation \u00e9nerg\u00e9tique, construction \u00e9cologique, construction durable,","og_url":"https:\/\/atelierdutiroir.be\/","article_modified_time":"2025-12-26T08:43:47+00:00","og_image":[{"width":1280,"height":960,"url":"https:\/\/atelierdutiroir.be\/wp-content\/uploads\/2025\/10\/IMG_4261.jpeg","type":"image\/jpeg"}],"twitter_card":"summary_large_image","twitter_misc":{"Dur\u00e9e de lecture estim\u00e9e":"1 minute"},"schema":{"@context":"https:\/\/schema.org","@graph":[{"@type":"WebPage","@id":"https:\/\/atelierdutiroir.be\/","url":"https:\/\/atelierdutiroir.be\/","name":"Bonjour -","isPartOf":{"@id":"https:\/\/atelierdutiroir.be\/#website"},"primaryImageOfPage":{"@id":"https:\/\/atelierdutiroir.be\/#primaryimage"},"image":{"@id":"https:\/\/atelierdutiroir.be\/#primaryimage"},"thumbnailUrl":"https:\/\/atelierdutiroir.be\/wp-content\/uploads\/2025\/10\/IMG_4261.jpeg","datePublished":"2025-10-12T16:02:39+00:00","dateModified":"2025-12-26T08:43:47+00:00","description":"architecte en Gaume et \u00e0 Bruxelles, r\u00e9novation \u00e9nerg\u00e9tique, construction \u00e9cologique, construction durable,","breadcrumb":{"@id":"https:\/\/atelierdutiroir.be\/#breadcrumb"},"inLanguage":"fr-FR","potentialAction":[{"@type":"ReadAction","target":["https:\/\/atelierdutiroir.be\/"]}]},{"@type":"ImageObject","inLanguage":"fr-FR","@id":"https:\/\/atelierdutiroir.be\/#primaryimage","url":"https:\/\/atelierdutiroir.be\/wp-content\/uploads\/2025\/10\/IMG_4261.jpeg","contentUrl":"https:\/\/atelierdutiroir.be\/wp-content\/uploads\/2025\/10\/IMG_4261.jpeg","width":1280,"height":960},{"@type":"BreadcrumbList","@id":"https:\/\/atelierdutiroir.be\/#breadcrumb","itemListElement":[{"@type":"ListItem","position":1,"name":"Accueil","item":"https:\/\/atelierdutiroir.be\/"},{"@type":"ListItem","position":2,"name":"Bonjour"}]},{"@type":"WebSite","@id":"https:\/\/atelierdutiroir.be\/#website","url":"https:\/\/atelierdutiroir.be\/","name":"","description":"","potentialAction":[{"@type":"SearchAction","target":{"@type":"EntryPoint","urlTemplate":"https:\/\/atelierdutiroir.be\/?s={search_term_string}"},"query-input":{"@type":"PropertyValueSpecification","valueRequired":true,"valueName":"search_term_string"}}],"inLanguage":"fr-FR"}]}},"kubio_ai_page_context":{"short_desc":"","purpose":"general"},"_links":{"self":[{"href":"https:\/\/atelierdutiroir.be\/index.php\/wp-json\/wp\/v2\/pages\/18","targetHints":{"allow":["GET"]}}],"collection":[{"href":"https:\/\/atelierdutiroir.be\/index.php\/wp-json\/wp\/v2\/pages"}],"about":[{"href":"https:\/\/atelierdutiroir.be\/index.php\/wp-json\/wp\/v2\/types\/page"}],"author":[{"embeddable":true,"href":"https:\/\/atelierdutiroir.be\/index.php\/wp-json\/wp\/v2\/users\/1"}],"replies":[{"embeddable":true,"href":"https:\/\/atelierdutiroir.be\/index.php\/wp-json\/wp\/v2\/comments?post=18"}],"version-history":[{"count":5,"href":"https:\/\/atelierdutiroir.be\/index.php\/wp-json\/wp\/v2\/pages\/18\/revisions"}],"predecessor-version":[{"id":117,"href":"https:\/\/atelierdutiroir.be\/index.php\/wp-json\/wp\/v2\/pages\/18\/revisions\/117"}],"wp:featuredmedia":[{"embeddable":true,"href":"https:\/\/atelierdutiroir.be\/index.php\/wp-json\/wp\/v2\/media\/43"}],"wp:attachment":[{"href":"https:\/\/atelierdutiroir.be\/index.php\/wp-json\/wp\/v2\/media?parent=18"}],"curies":[{"name":"wp","href":"https:\/\/api.w.org\/{rel}","templated":true}]}}